{"id":851,"date":"2025-07-24T06:22:46","date_gmt":"2025-07-24T09:22:46","guid":{"rendered":"https:\/\/www.tocare.com.br\/site\/?page_id=851"},"modified":"2025-09-11T07:00:27","modified_gmt":"2025-09-11T10:00:27","slug":"oximetro-de-pulso-digital-tocare","status":"publish","type":"page","link":"https:\/\/www.tocare.com.br\/site\/produtos\/oximetro-de-pulso-digital-tocare\/","title":{"rendered":"Ox\u00edmetro de Pulso Digital Tocare"},"content":{"rendered":"\n<div class=\"wp-block-group alignfull has-contrast-background-color has-background has-global-padding is-layout-constrained wp-container-core-group-is-layout-1b225bdb wp-block-group-is-layout-constrained\" style=\"margin-top:0;margin-bottom:0;padding-top:0;padding-right:var(--wp--preset--spacing--30);padding-bottom:0;padding-left:var(--wp--preset--spacing--30)\">\n<div class=\"wp-block-columns alignwide is-layout-flex wp-container-core-columns-is-layout-d9884270 wp-block-columns-is-layout-flex\" style=\"padding-top:0;padding-bottom:0\">\n<div class=\"wp-block-column is-vertically-aligned-stretch has-global-padding is-layout-constrained wp-container-core-column-is-layout-2b2c1e09 wp-block-column-is-layout-constrained\" style=\"padding-top:var(--wp--preset--spacing--30);padding-right:0;padding-bottom:0;padding-left:0;flex-basis:33.34%\">\n<h2 class=\"wp-block-heading has-custom-cor-1-color has-text-color has-link-color has-x-large-font-size wp-elements-2ed3f5d6ad400479297122b02aa3b1d8\">Ox\u00edmetro de Pulso Digital Tocare<\/h2>\n\n\n\n<div class=\"wp-block-group is-nowrap is-layout-flex wp-container-core-group-is-layout-6c531013 wp-block-group-is-layout-flex\">\n<figure class=\"wp-block-image size-full is-resized\"><img decoding=\"async\" width=\"242\" height=\"170\" src=\"https:\/\/www.tocare.com.br\/site\/wp-content\/uploads\/2024\/04\/ico-brasil.jpg\" alt=\"\" class=\"wp-image-397\" style=\"width:50px\"\/><\/figure>\n\n\n\n<p class=\"has-custom-cor-1-color has-text-color has-link-color has-small-font-size wp-elements-c300f713198a73c49e1ed81869cc6b32\">Produto Nacional<\/p>\n<\/div>\n\n\n\n<div class=\"wp-block-group is-vertical is-content-justification-left is-layout-flex wp-container-core-group-is-layout-80aa9e26 wp-block-group-is-layout-flex\" style=\"min-height:0%;padding-top:var(--wp--preset--spacing--10);padding-bottom:0\">\n<div class=\"wp-block-group has-global-padding is-content-justification-left is-layout-constrained wp-container-core-group-is-layout-e8c0c9ab wp-block-group-is-layout-constrained\" style=\"min-height:0px;margin-top:0;margin-bottom:0;padding-right:0;padding-left:0;line-height:1.8\">\n<div class=\"wp-block-group is-nowrap is-layout-flex wp-container-core-group-is-layout-947e61e1 wp-block-group-is-layout-flex\" style=\"padding-top:0;padding-bottom:0\">\n<div class=\"wp-block-uagb-image uagb-block-db4015a0 wp-block-uagb-image--layout-default wp-block-uagb-image--effect-static wp-block-uagb-image--align-none wp-container-content-d613cd94\"><figure class=\"wp-block-uagb-image__figure\"><img loading=\"lazy\" decoding=\"async\" srcset=\"https:\/\/www.tocare.com.br\/site\/wp-content\/uploads\/2025\/07\/ico-salva.png ,https:\/\/www.tocare.com.br\/site\/wp-content\/uploads\/2025\/07\/ico-salva.png 780w, https:\/\/www.tocare.com.br\/site\/wp-content\/uploads\/2025\/07\/ico-salva.png 360w\" sizes=\"auto, (max-width: 480px) 150px\" src=\"https:\/\/www.tocare.com.br\/site\/wp-content\/uploads\/2025\/07\/ico-salva.png\" alt=\"\" class=\"uag-image-852\" width=\"50\" height=\"47\" title=\"ico-salva\" loading=\"lazy\" role=\"img\"\/><\/figure><\/div>\n\n\n\n<p class=\"has-custom-cor-1-color has-text-color has-link-color has-large-font-size wp-elements-87acd625e30e3828f95cb815ab5432d5\">Mem\u00f3ria dos dados<\/p>\n<\/div>\n\n\n\n<div class=\"wp-block-group is-nowrap is-layout-flex wp-container-core-group-is-layout-6c531013 wp-block-group-is-layout-flex\">\n<div class=\"wp-block-uagb-image uagb-block-f5fe4fd8 wp-block-uagb-image--layout-default wp-block-uagb-image--effect-static wp-block-uagb-image--align-none wp-container-content-d613cd94\"><figure class=\"wp-block-uagb-image__figure\"><img loading=\"lazy\" decoding=\"async\" srcset=\"https:\/\/www.tocare.com.br\/site\/wp-content\/uploads\/2025\/07\/ico-facil-1.png ,https:\/\/www.tocare.com.br\/site\/wp-content\/uploads\/2025\/07\/ico-facil-1.png 780w, https:\/\/www.tocare.com.br\/site\/wp-content\/uploads\/2025\/07\/ico-facil-1.png 360w\" sizes=\"auto, (max-width: 480px) 150px\" src=\"https:\/\/www.tocare.com.br\/site\/wp-content\/uploads\/2025\/07\/ico-facil-1.png\" alt=\"\" class=\"uag-image-854\" width=\"47\" height=\"44\" title=\"ico-facil\" loading=\"lazy\" role=\"img\"\/><\/figure><\/div>\n\n\n\n<p class=\"has-custom-cor-1-color has-text-color has-link-color has-large-font-size wp-elements-e874880565b478287c1bdc3bc697ea66\">F\u00e1cil de usar<\/p>\n<\/div>\n\n\n\n<div class=\"wp-block-group is-nowrap is-layout-flex wp-container-core-group-is-layout-6c531013 wp-block-group-is-layout-flex\">\n<div class=\"wp-block-uagb-image uagb-block-b1e75bc9 wp-block-uagb-image--layout-default wp-block-uagb-image--effect-static wp-block-uagb-image--align-none wp-container-content-d613cd94\"><figure class=\"wp-block-uagb-image__figure\"><img loading=\"lazy\" decoding=\"async\" srcset=\"https:\/\/www.tocare.com.br\/site\/wp-content\/uploads\/2025\/07\/ico-precisao.png ,https:\/\/www.tocare.com.br\/site\/wp-content\/uploads\/2025\/07\/ico-precisao.png 780w, https:\/\/www.tocare.com.br\/site\/wp-content\/uploads\/2025\/07\/ico-precisao.png 360w\" sizes=\"auto, (max-width: 480px) 150px\" src=\"https:\/\/www.tocare.com.br\/site\/wp-content\/uploads\/2025\/07\/ico-precisao.png\" alt=\"\" class=\"uag-image-857\" width=\"50\" height=\"47\" title=\"ico-precisao\" loading=\"lazy\" role=\"img\"\/><\/figure><\/div>\n\n\n\n<p class=\"has-custom-cor-1-color has-text-color has-link-color has-large-font-size wp-elements-ae14880d3e7bada82ed36bda335d5c52\">M\u00e1xima precis\u00e3o<\/p>\n<\/div>\n\n\n\n<div class=\"wp-block-group is-nowrap is-layout-flex wp-container-core-group-is-layout-6c531013 wp-block-group-is-layout-flex\">\n<div class=\"wp-block-uagb-image uagb-block-810005aa wp-block-uagb-image--layout-default wp-block-uagb-image--effect-static wp-block-uagb-image--align-none wp-container-content-d613cd94\"><figure class=\"wp-block-uagb-image__figure\"><img loading=\"lazy\" decoding=\"async\" srcset=\"https:\/\/www.tocare.com.br\/site\/wp-content\/uploads\/2025\/07\/ico-tela.png ,https:\/\/www.tocare.com.br\/site\/wp-content\/uploads\/2025\/07\/ico-tela.png 780w, https:\/\/www.tocare.com.br\/site\/wp-content\/uploads\/2025\/07\/ico-tela.png 360w\" sizes=\"auto, (max-width: 480px) 150px\" src=\"https:\/\/www.tocare.com.br\/site\/wp-content\/uploads\/2025\/07\/ico-tela.png\" alt=\"\" class=\"uag-image-855\" width=\"50\" height=\"47\" title=\"ico-tela\" loading=\"lazy\" role=\"img\"\/><\/figure><\/div>\n\n\n\n<p class=\"has-custom-cor-1-color has-text-color has-link-color has-large-font-size wp-elements-093d8ef179852354bbb762b02322d066\">Tela rotativa<\/p>\n<\/div>\n<\/div>\n<\/div>\n<\/div>\n\n\n\n<div class=\"wp-block-column has-global-padding is-content-justification-left is-layout-constrained wp-container-core-column-is-layout-12dd3699 wp-block-column-is-layout-constrained\" style=\"flex-basis:33.34%\">\n<figure class=\"wp-block-image size-full is-style-rounded is-style-rounded--1\"><img fetchpriority=\"high\" decoding=\"async\" width=\"500\" height=\"574\" src=\"https:\/\/www.tocare.com.br\/site\/wp-content\/uploads\/2025\/07\/ym212-oximetro-1.png\" alt=\"\" class=\"wp-image-846\" style=\"aspect-ratio:3\/4;object-fit:cover\" srcset=\"https:\/\/www.tocare.com.br\/site\/wp-content\/uploads\/2025\/07\/ym212-oximetro-1.png 500w, https:\/\/www.tocare.com.br\/site\/wp-content\/uploads\/2025\/07\/ym212-oximetro-1-261x300.png 261w\" sizes=\"(max-width: 500px) 100vw, 500px\" \/><\/figure>\n<\/div>\n\n\n\n<div class=\"wp-block-column has-global-padding is-layout-constrained wp-container-core-column-is-layout-968e889d wp-block-column-is-layout-constrained\" style=\"padding-right:var(--wp--preset--spacing--10);padding-left:var(--wp--preset--spacing--10);flex-basis:33%\">\n<div class=\"wp-block-group is-vertical is-content-justification-left is-layout-flex wp-container-core-group-is-layout-2290e706 wp-block-group-is-layout-flex\">\n<h2 class=\"wp-block-heading has-text-align-left has-custom-cor-1-color has-text-color has-link-color has-large-font-size wp-elements-5a9b1bc23d9367c6854c93135e921da1\" style=\"margin-top:var(--wp--preset--spacing--10);margin-bottom:var(--wp--preset--spacing--10);padding-top:0;padding-bottom:0\">Tecnologia de alta performance<\/h2>\n\n\n\n<p class=\"has-small-font-size\" style=\"border-bottom-color:var(--wp--preset--color--secondary);border-bottom-width:1px;margin-top:0;margin-bottom:0;padding-top:10px;padding-bottom:10px\"><strong>Chip de 32 bits<\/strong> para medi\u00e7\u00f5es r\u00e1pidas e precisas (valores em at\u00e9 4 segundos)<\/p>\n\n\n\n<p class=\"has-small-font-size\" style=\"border-bottom-color:var(--wp--preset--color--secondary);border-bottom-width:1px;margin-top:0;margin-bottom:0;padding-top:10px;padding-bottom:10px\"><strong>Tela girat\u00f3ria e ajust\u00e1vel <\/strong>em 4 dire\u00e7\u00f5es com controle de brilho em 5 n\u00edveis<\/p>\n\n\n\n<p class=\"full-width has-small-font-size\" style=\"border-bottom-color:var(--wp--preset--color--secondary);border-bottom-width:1px;margin-top:0;margin-bottom:0;padding-top:10px;padding-bottom:10px\">Display HD 0.96\u201d com fonte de <strong>f\u00e1cil leitura<\/strong><\/p>\n\n\n\n<p class=\"has-text-align-left full-width has-small-font-size\" style=\"border-bottom-color:var(--wp--preset--color--secondary);border-bottom-width:1px;margin-top:0;margin-bottom:0;padding-top:10px;padding-bottom:10px\">Gr\u00e1fico de pulso em <strong>tempo real<\/strong><\/p>\n\n\n\n<p class=\"full-width has-small-font-size\" style=\"border-bottom-color:var(--wp--preset--color--secondary);border-bottom-width:1px;margin-top:0;margin-bottom:0;padding-top:10px;padding-bottom:10px\"><strong>Design leve e dur\u00e1vel<\/strong>, ideal para uso dom\u00e9stico e cl\u00ednico<\/p>\n\n\n\n<p class=\"full-width has-small-font-size\" style=\"border-bottom-color:var(--wp--preset--color--secondary);border-bottom-width:1px;margin-top:0;margin-bottom:0;padding-top:10px;padding-bottom:10px\"><strong>Bot\u00e3o \u00fanico<\/strong>&nbsp;de controle f\u00e1cil<\/p>\n\n\n\n<p class=\"full-width has-small-font-size\" style=\"border-bottom-style:none;border-bottom-width:0px;margin-top:0;margin-bottom:0;padding-top:10px;padding-bottom:10px\"><strong>Almofada flex\u00edvel <\/strong>para conforto e<br>melhor fixa\u00e7\u00e3o ao dedo<\/p>\n<\/div>\n<\/div>\n<\/div>\n\n\n\n<h2 class=\"wp-block-heading has-text-align-center\">Manual de instru\u00e7\u00f5es<\/h2>\n\n\n\n<p class=\"has-text-align-center\">Fa\u00e7a o download do manual de instru\u00e7\u00f5es em PDF:<\/p>\n\n\n\n<div class=\"wp-block-group alignwide is-content-justification-center is-nowrap is-layout-flex wp-container-core-group-is-layout-0a549cc0 wp-block-group-is-layout-flex\" style=\"padding-top:var(--wp--preset--spacing--10);padding-bottom:var(--wp--preset--spacing--40)\">\n<div class=\"wp-block-buttons is-horizontal is-content-justification-center is-layout-flex wp-container-core-buttons-is-layout-6bd4d9d1 wp-block-buttons-is-layout-flex\">\n<div class=\"wp-block-button\"><a class=\"wp-block-button__link has-medium-font-size has-custom-font-size wp-element-button\" href=\"https:\/\/www.tocare.com.br\/site\/wp-content\/uploads\/2024\/04\/Manual-Kit-Glicoo-Neo.pdf\">Baixar manual<\/a><\/div>\n<\/div>\n<\/div>\n<\/div>\n\n\n\n<div class=\"wp-block-columns alignfull is-layout-flex wp-container-core-columns-is-layout-0111f410 wp-block-columns-is-layout-flex\" style=\"padding-right:var(--wp--preset--spacing--50);padding-left:var(--wp--preset--spacing--50)\">\n<div class=\"wp-block-column is-layout-flow wp-block-column-is-layout-flow\" style=\"padding-right:var(--wp--preset--spacing--30);flex-basis:40%\">\n<div class=\"wp-block-group alignfull has-primary-color has-text-color has-background has-link-color wp-elements-a2b58f2dc9fe8f3786534b921680a5ff has-global-padding is-layout-constrained wp-container-core-group-is-layout-41f86dbf wp-block-group-is-layout-constrained\" style=\"border-radius:28px;background-color:#dadada;min-height:0px;margin-top:0;margin-bottom:0;padding-top:var(--wp--preset--spacing--10);padding-right:var(--wp--preset--spacing--30);padding-bottom:var(--wp--preset--spacing--30);padding-left:var(--wp--preset--spacing--30);line-height:1\">\n<h2 class=\"wp-block-heading has-text-align-center has-large-font-size\" style=\"margin-top:var(--wp--preset--spacing--20);margin-bottom:var(--wp--preset--spacing--20)\">Caracter\u00edsticas<\/h2>\n\n\n\n<div class=\"wp-block-group is-nowrap is-layout-flex wp-container-core-group-is-layout-b36d6c15 wp-block-group-is-layout-flex\" style=\"border-bottom-color:var(--wp--preset--color--secondary);border-bottom-width:1px;padding-top:0px;padding-bottom:10px\">\n<p class=\"wp-container-content-0733e5d0\">Modelo<\/p>\n\n\n\n<p>YM212<\/p>\n<\/div>\n\n\n\n<div class=\"wp-block-group is-nowrap is-layout-flex wp-container-core-group-is-layout-b36d6c15 wp-block-group-is-layout-flex\" style=\"border-bottom-color:var(--wp--preset--color--secondary);border-bottom-width:1px;padding-top:0px;padding-bottom:10px\">\n<p class=\"wp-container-content-0733e5d0\">Tela<\/p>\n\n\n\n<p>0.96&#8243; TFT<\/p>\n<\/div>\n\n\n\n<div class=\"wp-block-group is-nowrap is-layout-flex wp-container-core-group-is-layout-b36d6c15 wp-block-group-is-layout-flex\" style=\"border-bottom-color:var(--wp--preset--color--secondary);border-bottom-width:1px;padding-top:0px;padding-bottom:10px\">\n<p class=\"wp-container-content-663c14dd\">SpO2\/PR\/PI<\/p>\n\n\n<\/div>\n\n\n\n<div class=\"wp-block-group is-nowrap is-layout-flex wp-container-core-group-is-layout-b36d6c15 wp-block-group-is-layout-flex\" style=\"border-bottom-color:var(--wp--preset--color--secondary);border-bottom-width:1px;padding-top:0px;padding-bottom:10px\">\n<p class=\"wp-container-content-663c14dd\">4 Dire\u00e7\u00f5es<\/p>\n\n\n<\/div>\n\n\n\n<div class=\"wp-block-group is-nowrap is-layout-flex wp-container-core-group-is-layout-b36d6c15 wp-block-group-is-layout-flex\" style=\"border-bottom-color:var(--wp--preset--color--secondary);border-bottom-width:1px;padding-top:0px;padding-bottom:10px\">\n<p class=\"wp-container-content-663c14dd\">Alerta de Limite<\/p>\n\n\n<\/div>\n\n\n\n<div class=\"wp-block-group is-nowrap is-layout-flex wp-container-core-group-is-layout-b36d6c15 wp-block-group-is-layout-flex\" style=\"border-bottom-color:var(--wp--preset--color--secondary);border-bottom-width:1px;padding-top:0px;padding-bottom:10px\">\n<p class=\"wp-container-content-663c14dd\">DEMO<\/p>\n\n\n<\/div>\n\n\n\n<div class=\"wp-block-group is-nowrap is-layout-flex wp-container-core-group-is-layout-b36d6c15 wp-block-group-is-layout-flex\" style=\"border-bottom-color:var(--wp--preset--color--secondary);border-bottom-width:1px;padding-top:0px;padding-bottom:10px\">\n<p class=\"wp-container-content-663c14dd\">Brilho Ajust\u00e1vel<\/p>\n\n\n<\/div>\n\n\n\n<div class=\"wp-block-group is-nowrap is-layout-flex wp-container-core-group-is-layout-b36d6c15 wp-block-group-is-layout-flex\" style=\"border-bottom-color:var(--wp--preset--color--secondary);border-bottom-width:1px;padding-top:0px;padding-bottom:10px\">\n<p class=\"wp-container-content-0733e5d0\">Mem\u00f3ria<\/p>\n\n\n\n<p>20 sets<\/p>\n<\/div>\n\n\n\n<div class=\"wp-block-group is-nowrap is-layout-flex wp-container-core-group-is-layout-b36d6c15 wp-block-group-is-layout-flex\" style=\"border-bottom-color:var(--wp--preset--color--secondary);border-bottom-width:1px;padding-top:0px;padding-bottom:10px\">\n<p class=\"wp-container-content-663c14dd\">Status da Bateria<\/p>\n\n\n<\/div>\n\n\n\n<div class=\"wp-block-group is-nowrap is-layout-flex wp-container-core-group-is-layout-b36d6c15 wp-block-group-is-layout-flex\" style=\"border-bottom-style:none;border-bottom-width:0px;padding-top:0px;padding-bottom:10px\">\n<p class=\"wp-container-content-0733e5d0\">Dimens\u00f5es<\/p>\n\n\n\n<p class=\"has-small-font-size\">57\u00d729,5\u00d730,5mm<\/p>\n<\/div>\n<\/div>\n<\/div>\n\n\n\n<div class=\"wp-block-column is-layout-flow wp-block-column-is-layout-flow\">\n<div class=\"wp-block-group is-vertical is-layout-flex wp-container-core-group-is-layout-fe9cc265 wp-block-group-is-layout-flex\">\n<div class=\"wp-block-uagb-advanced-heading uagb-block-55ab57e2\"><h4 class=\"uagb-heading-text\">Faixa de Medi\u00e7\u00e3o<\/h4><\/div>\n\n\n\n<ul class=\"wp-block-list\">\n<li>Satura\u00e7\u00e3o de Oxig\u00eanio (SpO2): 0-99%<\/li>\n\n\n\n<li>Frequ\u00eancia Card\u00edaca (PR): 25\u2013250 bpm<\/li>\n\n\n\n<li>\u00cdndice de Perfus\u00e3o (PI): 0,1\u201320%<\/li>\n<\/ul>\n<\/div>\n\n\n\n<div class=\"wp-block-group is-vertical is-layout-flex wp-container-core-group-is-layout-fe9cc265 wp-block-group-is-layout-flex\">\n<div class=\"wp-block-uagb-advanced-heading uagb-block-6aa3a96f\"><h4 class=\"uagb-heading-text\">Precis\u00e3o<\/h4><\/div>\n\n\n\n<ul class=\"wp-block-list\">\n<li>SpO2: 70%~100%, com precis\u00e3o de \u00b12%<\/li>\n\n\n\n<li>PR: 25\u2013250 bpm, com precis\u00e3o de \u00b13 bpm<\/li>\n<\/ul>\n<\/div>\n\n\n\n<div class=\"wp-block-group is-vertical is-layout-flex wp-container-core-group-is-layout-fe9cc265 wp-block-group-is-layout-flex\">\n<div class=\"wp-block-uagb-advanced-heading uagb-block-b4953ea6\"><h4 class=\"uagb-heading-text\">Resolu\u00e7\u00e3o<\/h4><\/div>\n\n\n\n<ul class=\"wp-block-list\">\n<li>SpO2: 1%<\/li>\n\n\n\n<li>PR: 1 bpm<\/li>\n<\/ul>\n<\/div>\n\n\n\n<div class=\"wp-block-group is-vertical is-layout-flex wp-container-core-group-is-layout-fe9cc265 wp-block-group-is-layout-flex\">\n<div class=\"wp-block-uagb-advanced-heading uagb-block-67f7e15c\"><h4 class=\"uagb-heading-text\">Requisitos de Energia<\/h4><\/div>\n\n\n\n<ul class=\"wp-block-list\">\n<li>Duas pilhas alcalinas AAA (LR03)<\/li>\n<\/ul>\n<\/div>\n<\/div>\n\n\n\n<div class=\"wp-block-column is-layout-flow wp-block-column-is-layout-flow\">\n<figure class=\"wp-block-image size-full\"><img decoding=\"async\" width=\"500\" height=\"448\" src=\"https:\/\/www.tocare.com.br\/site\/wp-content\/uploads\/2025\/07\/ym212-oximetro-2.png\" alt=\"\" class=\"wp-image-909\" style=\"object-fit:cover\" srcset=\"https:\/\/www.tocare.com.br\/site\/wp-content\/uploads\/2025\/07\/ym212-oximetro-2.png 500w, https:\/\/www.tocare.com.br\/site\/wp-content\/uploads\/2025\/07\/ym212-oximetro-2-300x269.png 300w\" sizes=\"(max-width: 500px) 100vw, 500px\" \/><\/figure>\n<\/div>\n<\/div>\n","protected":false},"excerpt":{"rendered":"<p>Ox\u00edmetro de Pulso Digital Tocare Produto Nacional Mem\u00f3ria dos dados F\u00e1cil de usar M\u00e1xima precis\u00e3o Tela rotativa Tecnologia de alta performance Chip de 32 bits para medi\u00e7\u00f5es r\u00e1pidas e precisas (valores em at\u00e9 4 segundos) Tela girat\u00f3ria e ajust\u00e1vel em 4 dire\u00e7\u00f5es com controle de brilho em 5 n\u00edveis Display HD 0.96\u201d com fonte de [&hellip;]<\/p>\n","protected":false},"author":1,"featured_media":0,"parent":458,"menu_order":1,"comment_status":"closed","ping_status":"closed","template":"","meta":{"footnotes":""},"class_list":["post-851","page","type-page","status-publish","hentry"],"_links":{"self":[{"href":"https:\/\/www.tocare.com.br\/site\/wp-json\/wp\/v2\/pages\/851","targetHints":{"allow":["GET"]}}],"collection":[{"href":"https:\/\/www.tocare.com.br\/site\/wp-json\/wp\/v2\/pages"}],"about":[{"href":"https:\/\/www.tocare.com.br\/site\/wp-json\/wp\/v2\/types\/page"}],"author":[{"embeddable":true,"href":"https:\/\/www.tocare.com.br\/site\/wp-json\/wp\/v2\/users\/1"}],"replies":[{"embeddable":true,"href":"https:\/\/www.tocare.com.br\/site\/wp-json\/wp\/v2\/comments?post=851"}],"version-history":[{"count":87,"href":"https:\/\/www.tocare.com.br\/site\/wp-json\/wp\/v2\/pages\/851\/revisions"}],"predecessor-version":[{"id":943,"href":"https:\/\/www.tocare.com.br\/site\/wp-json\/wp\/v2\/pages\/851\/revisions\/943"}],"up":[{"embeddable":true,"href":"https:\/\/www.tocare.com.br\/site\/wp-json\/wp\/v2\/pages\/458"}],"wp:attachment":[{"href":"https:\/\/www.tocare.com.br\/site\/wp-json\/wp\/v2\/media?parent=851"}],"curies":[{"name":"wp","href":"https:\/\/api.w.org\/{rel}","templated":true}]}}