{"id":469,"date":"2024-04-14T15:57:34","date_gmt":"2024-04-14T18:57:34","guid":{"rendered":"http:\/\/br396.teste.website\/~tocare24\/site\/?page_id=469"},"modified":"2024-04-30T00:25:42","modified_gmt":"2024-04-30T03:25:42","slug":"glicoo","status":"publish","type":"page","link":"https:\/\/www.tocare.com.br\/site\/produtos\/glicoo\/","title":{"rendered":"Glicoo"},"content":{"rendered":"\n<div class=\"wp-block-group alignfull has-contrast-background-color has-background has-global-padding is-layout-constrained wp-container-core-group-is-layout-1b225bdb wp-block-group-is-layout-constrained\" style=\"margin-top:0;margin-bottom:0;padding-top:0;padding-right:var(--wp--preset--spacing--30);padding-bottom:0;padding-left:var(--wp--preset--spacing--30)\">\n<div class=\"wp-block-columns alignwide is-layout-flex wp-container-core-columns-is-layout-d9884270 wp-block-columns-is-layout-flex\" style=\"padding-top:0;padding-bottom:0\">\n<div class=\"wp-block-column is-vertically-aligned-stretch has-global-padding is-layout-constrained wp-container-core-column-is-layout-2b2c1e09 wp-block-column-is-layout-constrained\" style=\"padding-top:var(--wp--preset--spacing--30);padding-right:0;padding-bottom:0;padding-left:0;flex-basis:33.34%\">\n<figure class=\"wp-block-image size-full is-resized\"><img fetchpriority=\"high\" decoding=\"async\" width=\"1376\" height=\"662\" src=\"https:\/\/www.tocare.com.br\/site\/wp-content\/uploads\/2024\/04\/LOGO-GLICOO.png\" alt=\"\" class=\"wp-image-481\" style=\"width:192px;height:auto\" srcset=\"https:\/\/www.tocare.com.br\/site\/wp-content\/uploads\/2024\/04\/LOGO-GLICOO.png 1376w, https:\/\/www.tocare.com.br\/site\/wp-content\/uploads\/2024\/04\/LOGO-GLICOO-600x289.png 600w, https:\/\/www.tocare.com.br\/site\/wp-content\/uploads\/2024\/04\/LOGO-GLICOO-300x144.png 300w, https:\/\/www.tocare.com.br\/site\/wp-content\/uploads\/2024\/04\/LOGO-GLICOO-1024x493.png 1024w, https:\/\/www.tocare.com.br\/site\/wp-content\/uploads\/2024\/04\/LOGO-GLICOO-768x369.png 768w\" sizes=\"(max-width: 1376px) 100vw, 1376px\" \/><\/figure>\n\n\n\n<h2 class=\"wp-block-heading has-custom-cor-1-color has-text-color has-link-color has-x-large-font-size wp-elements-7f8ed45d53fd89ca7e1b33a6133d17c0\">Linha de Monitoramento de Glicemia Glicoo Easyfy<\/h2>\n\n\n\n<div class=\"wp-block-group is-nowrap is-layout-flex wp-container-core-group-is-layout-6c531013 wp-block-group-is-layout-flex\">\n<figure class=\"wp-block-image size-full is-resized\"><img decoding=\"async\" width=\"242\" height=\"170\" src=\"https:\/\/www.tocare.com.br\/site\/wp-content\/uploads\/2024\/04\/ico-brasil.jpg\" alt=\"\" class=\"wp-image-397\" style=\"width:50px\"\/><\/figure>\n\n\n\n<p class=\"has-custom-cor-1-color has-text-color has-link-color has-small-font-size wp-elements-c300f713198a73c49e1ed81869cc6b32\">Produto Nacional<\/p>\n<\/div>\n<\/div>\n\n\n\n<div class=\"wp-block-column has-global-padding is-layout-constrained wp-block-column-is-layout-constrained\" style=\"flex-basis:33.34%\">\n<figure class=\"wp-block-image size-full is-resized is-style-rounded is-style-rounded--1\"><img decoding=\"async\" width=\"378\" height=\"638\" src=\"https:\/\/www.tocare.com.br\/site\/wp-content\/uploads\/2024\/04\/glicosimetro.jpg\" alt=\"\" class=\"wp-image-480\" style=\"width:312px;height:auto\" srcset=\"https:\/\/www.tocare.com.br\/site\/wp-content\/uploads\/2024\/04\/glicosimetro.jpg 378w, https:\/\/www.tocare.com.br\/site\/wp-content\/uploads\/2024\/04\/glicosimetro-178x300.jpg 178w\" sizes=\"(max-width: 378px) 100vw, 378px\" \/><\/figure>\n<\/div>\n\n\n\n<div class=\"wp-block-column is-layout-flow wp-block-column-is-layout-flow\" style=\"flex-basis:33.33%\">\n<div class=\"wp-block-group is-vertical is-content-justification-center is-layout-flex wp-container-core-group-is-layout-81423f52 wp-block-group-is-layout-flex\">\n<figure class=\"wp-block-image size-full is-resized\"><img loading=\"lazy\" decoding=\"async\" width=\"180\" height=\"191\" src=\"https:\/\/www.tocare.com.br\/site\/wp-content\/uploads\/2024\/04\/microgota.png\" alt=\"\" class=\"wp-image-128\" style=\"width:76px;height:auto\"\/><\/figure>\n\n\n\n<h2 class=\"wp-block-heading has-text-align-center has-custom-cor-1-color has-text-color has-link-color has-large-font-size wp-elements-f460c234c21832f50ff9ddf0ac3d903b\">Tecnologia Microgota<\/h2>\n\n\n\n<p class=\"has-text-align-center has-custom-cor-1-color has-text-color has-link-color wp-elements-6ae1aaa52cc8acc963ed0172858c7386\">Menor amostra de sangue<br>do mercado (0,3 mcl)<\/p>\n<\/div>\n\n\n\n<div class=\"wp-block-group is-vertical is-content-justification-left is-layout-flex wp-container-core-group-is-layout-ada374a7 wp-block-group-is-layout-flex\" style=\"min-height:0%;padding-top:0;padding-bottom:0\">\n<div class=\"wp-block-group has-global-padding is-content-justification-left is-layout-constrained wp-container-core-group-is-layout-a086f108 wp-block-group-is-layout-constrained\" style=\"min-height:0px;margin-top:0;margin-bottom:0;padding-left:var(--wp--preset--spacing--20)\">\n<div class=\"wp-block-group is-nowrap is-layout-flex wp-container-core-group-is-layout-947e61e1 wp-block-group-is-layout-flex\" style=\"padding-top:0;padding-bottom:0\">\n\n\n<p class=\"has-custom-cor-1-color has-text-color has-link-color has-small-font-size wp-elements-9392f5ad763868da80d39cdbfdca5284\">Simples de usar (Sem codifica\u00e7\u00e3o)<\/p>\n<\/div>\n\n\n\n<div class=\"wp-block-group is-nowrap is-layout-flex wp-container-core-group-is-layout-6c531013 wp-block-group-is-layout-flex\">\n\n\n<p class=\"has-custom-cor-1-color has-text-color has-link-color has-small-font-size wp-elements-f8447b9df9f447f81ee5a6b1b0ed53e3 wp-container-content-0733e5d0\">Praticamente indolor<\/p>\n<\/div>\n\n\n\n<div class=\"wp-block-group is-nowrap is-layout-flex wp-container-core-group-is-layout-6c531013 wp-block-group-is-layout-flex\">\n\n\n<p class=\"has-custom-cor-1-color has-text-color has-link-color has-small-font-size wp-elements-054b0eae7e8d498bcaf527b9bc77b01c\">Resultado em apenas 5 segundos<\/p>\n<\/div>\n\n\n\n<div class=\"wp-block-group is-nowrap is-layout-flex wp-container-core-group-is-layout-6c531013 wp-block-group-is-layout-flex\">\n\n\n<p class=\"has-custom-cor-1-color has-text-color has-link-color has-small-font-size wp-elements-4485af1f1a07a56f72316a3e539a7976 wp-container-content-0733e5d0\">Ejetor de Tiras<\/p>\n<\/div>\n\n\n\n<div class=\"wp-block-group is-nowrap is-layout-flex wp-container-core-group-is-layout-6c531013 wp-block-group-is-layout-flex\">\n\n\n<p class=\"has-custom-cor-1-color has-text-color has-link-color has-small-font-size wp-elements-9b8f88ac040045cc941c9fceee125c11\">Mem\u00f3ria para 500 testes<\/p>\n<\/div>\n\n\n\n<div class=\"wp-block-group is-nowrap is-layout-flex wp-container-core-group-is-layout-6c531013 wp-block-group-is-layout-flex\">\n\n\n<p class=\"has-custom-cor-1-color has-text-color has-link-color has-small-font-size wp-elements-9fc3854c422f0a630a2535b20d96c7b8 wp-container-content-0733e5d0\">Bluetooth (opcional)<\/p>\n<\/div>\n<\/div>\n\n\n\n<p class=\"has-custom-cor-1-color has-text-color has-link-color has-small-font-size wp-elements-d6de99139c28339e928393d8e4198e1b\" style=\"padding-top:var(--wp--preset--spacing--10);padding-bottom:var(--wp--preset--spacing--10)\">E mais: <br>&#8211; M\u00e9dia dos testes dos \u00faltimos de 7, 14 e 30 dias;<br>&#8211; Alarme de aviso de hipoglicemia;<br>&#8211; Lembrete de teste pr\u00e9 e p\u00f3s-prandial;<br>&#8211; Tecnologia GOD &#8211; Glicose Oxidase.<\/p>\n<\/div>\n<\/div>\n<\/div>\n<\/div>\n\n\n\n<div class=\"wp-block-group alignfull has-base-2-background-color has-background has-global-padding is-layout-constrained wp-block-group-is-layout-constrained\" style=\"margin-top:0;margin-bottom:0;padding-top:var(--wp--preset--spacing--40);padding-bottom:var(--wp--preset--spacing--40)\">\n<h2 class=\"wp-block-heading has-text-align-center\">Manuais de instru\u00e7\u00f5es<\/h2>\n\n\n\n<p class=\"has-text-align-center\">Fa\u00e7a o download dos manuais de instru\u00e7\u00f5es em PDF:<\/p>\n\n\n\n<div class=\"wp-block-group alignwide is-content-justification-center is-nowrap is-layout-flex wp-container-core-group-is-layout-19a3e464 wp-block-group-is-layout-flex\">\n<div class=\"wp-block-buttons is-horizontal is-content-justification-center is-layout-flex wp-container-core-buttons-is-layout-6bd4d9d1 wp-block-buttons-is-layout-flex\">\n<div class=\"wp-block-button has-custom-font-size has-medium-font-size\"><a class=\"wp-block-button__link wp-element-button\" href=\"https:\/\/www.tocare.com.br\/site\/wp-content\/uploads\/2024\/04\/glicoo-kit-manual_compressed.pdf\">Monitor de Glicemia<\/a><\/div>\n\n\n\n<div class=\"wp-block-button has-custom-font-size has-medium-font-size\"><a class=\"wp-block-button__link wp-element-button\" href=\"https:\/\/www.tocare.com.br\/site\/wp-content\/uploads\/2024\/04\/glicoo-tiras-manual_compressed.pdf\">Tiras Reagentes<\/a><\/div>\n<\/div>\n<\/div>\n<\/div>\n\n\n\n<div class=\"wp-block-group alignfull has-base-color has-contrast-background-color has-text-color has-background has-link-color wp-elements-d904190fbde29b56c58449db618529f1 has-global-padding is-layout-constrained wp-container-core-group-is-layout-7baca9a2 wp-block-group-is-layout-constrained\" style=\"margin-top:0;margin-bottom:0;padding-top:var(--wp--preset--spacing--30);padding-right:var(--wp--preset--spacing--40);padding-bottom:var(--wp--preset--spacing--30);padding-left:var(--wp--preset--spacing--40)\">\n<h2 class=\"wp-block-heading alignwide has-text-align-center has-base-color has-text-color has-link-color has-xx-large-font-size wp-elements-463c43b4eef5f738497037576691ff8a\" style=\"letter-spacing:-0.02em\">Produtos<\/h2>\n\n\n\n<div class=\"wp-block-columns alignfull is-layout-flex wp-container-core-columns-is-layout-0111f410 wp-block-columns-is-layout-flex\" style=\"padding-right:var(--wp--preset--spacing--50);padding-left:var(--wp--preset--spacing--50)\">\n<div class=\"wp-block-column is-layout-flow wp-block-column-is-layout-flow\" style=\"border-width:1px;padding-top:var(--wp--preset--spacing--10)\">\n<figure class=\"wp-block-image aligncenter size-full is-resized\"><img decoding=\"async\" src=\"https:\/\/www.tocare.com.br\/site\/wp-content\/uploads\/2024\/04\/kit-glicoo.jpg\" alt=\"\" class=\"wp-image-474\" style=\"aspect-ratio:1;object-fit:cover;width:auto;height:200px\"\/><\/figure>\n\n\n\n<p class=\"has-text-align-center\"><strong>Kit Monitor de Glicemia Completo<\/strong><\/p>\n\n\n\n<ul style=\"padding-right:var(--wp--preset--spacing--30);padding-left:var(--wp--preset--spacing--30)\" class=\"is-style-default product-list has-contrast-color has-base-background-color has-text-color has-background has-link-color has-small-font-size wp-block-list wp-elements-3594a578873610075d79d79290b64398\">\n<li>01 Monitor de Glicemia<\/li>\n\n\n\n<li>01 Lancetador<\/li>\n\n\n\n<li>10 Tiras Reagentes<\/li>\n\n\n\n<li>10 Lancetas<\/li>\n\n\n\n<li>Bolsa viagem<\/li>\n\n\n\n<li>Bateria (32V)<\/li>\n\n\n\n<li>Manual de Instru\u00e7\u00f5es<\/li>\n<\/ul>\n<\/div>\n\n\n\n<div class=\"wp-block-column is-layout-flow wp-block-column-is-layout-flow\" style=\"border-width:1px;padding-top:var(--wp--preset--spacing--10)\">\n<figure class=\"wp-block-image aligncenter size-full is-resized\"><img loading=\"lazy\" decoding=\"async\" width=\"500\" height=\"500\" src=\"https:\/\/www.tocare.com.br\/site\/wp-content\/uploads\/2024\/04\/tiras.jpg\" alt=\"\" class=\"wp-image-475\" style=\"aspect-ratio:1;object-fit:cover;width:auto;height:200px\" srcset=\"https:\/\/www.tocare.com.br\/site\/wp-content\/uploads\/2024\/04\/tiras.jpg 500w, https:\/\/www.tocare.com.br\/site\/wp-content\/uploads\/2024\/04\/tiras-300x300.jpg 300w, https:\/\/www.tocare.com.br\/site\/wp-content\/uploads\/2024\/04\/tiras-100x100.jpg 100w, https:\/\/www.tocare.com.br\/site\/wp-content\/uploads\/2024\/04\/tiras-150x150.jpg 150w\" sizes=\"(max-width: 500px) 100vw, 500px\" \/><\/figure>\n\n\n\n<p class=\"has-text-align-center\"><strong>Tiras <\/strong><strong>Reagentes<\/strong><\/p>\n\n\n\n<ul style=\"padding-right:var(--wp--preset--spacing--30);padding-left:var(--wp--preset--spacing--30)\" class=\"is-style-default product-list has-contrast-color has-base-background-color has-text-color has-background has-link-color has-small-font-size wp-block-list wp-elements-bdd5fc34d6ca5f06510aa46fede82bbc\">\n<li>Caixas com 10, 25 e 50 tiras<\/li>\n\n\n\n<li>Manual de Instru\u00e7\u00f5es<\/li>\n<\/ul>\n<\/div>\n\n\n\n<div class=\"wp-block-column is-layout-flow wp-block-column-is-layout-flow\" style=\"border-width:1px;padding-top:var(--wp--preset--spacing--10)\">\n<figure class=\"wp-block-image aligncenter size-full is-resized\"><img loading=\"lazy\" decoding=\"async\" width=\"500\" height=\"500\" src=\"https:\/\/www.tocare.com.br\/site\/wp-content\/uploads\/2024\/04\/100-tiras.jpg\" alt=\"\" class=\"wp-image-472\" style=\"aspect-ratio:1;object-fit:cover;width:auto;height:200px\" srcset=\"https:\/\/www.tocare.com.br\/site\/wp-content\/uploads\/2024\/04\/100-tiras.jpg 500w, https:\/\/www.tocare.com.br\/site\/wp-content\/uploads\/2024\/04\/100-tiras-300x300.jpg 300w, https:\/\/www.tocare.com.br\/site\/wp-content\/uploads\/2024\/04\/100-tiras-100x100.jpg 100w, https:\/\/www.tocare.com.br\/site\/wp-content\/uploads\/2024\/04\/100-tiras-150x150.jpg 150w\" sizes=\"(max-width: 500px) 100vw, 500px\" \/><\/figure>\n\n\n\n<p class=\"has-text-align-center\"><strong>Combo 100 Tiras + Kit Completo<\/strong><\/p>\n\n\n\n<ul style=\"padding-right:var(--wp--preset--spacing--30);padding-left:var(--wp--preset--spacing--30)\" class=\"is-style-default product-list has-contrast-color has-base-background-color has-text-color has-background has-link-color has-small-font-size wp-block-list wp-elements-3792dc9225609427a1c53fd7244944a0\">\n<li>02 Caixas de tiras (50)<\/li>\n\n\n\n<li>01 Kit completo<\/li>\n<\/ul>\n<\/div>\n<\/div>\n\n\n\n<div class=\"wp-block-columns alignfull is-layout-flex wp-container-core-columns-is-layout-0111f410 wp-block-columns-is-layout-flex\" style=\"padding-right:var(--wp--preset--spacing--50);padding-left:var(--wp--preset--spacing--50)\">\n<div class=\"wp-block-column is-layout-flow wp-block-column-is-layout-flow\" style=\"border-width:1px;padding-top:var(--wp--preset--spacing--10)\">\n<figure class=\"wp-block-image aligncenter size-full is-resized\"><img loading=\"lazy\" decoding=\"async\" width=\"500\" height=\"500\" src=\"https:\/\/www.tocare.com.br\/site\/wp-content\/uploads\/2024\/04\/150-tiras.jpg\" alt=\"\" class=\"wp-image-473\" style=\"aspect-ratio:1;object-fit:cover;width:auto;height:200px\" srcset=\"https:\/\/www.tocare.com.br\/site\/wp-content\/uploads\/2024\/04\/150-tiras.jpg 500w, https:\/\/www.tocare.com.br\/site\/wp-content\/uploads\/2024\/04\/150-tiras-300x300.jpg 300w, https:\/\/www.tocare.com.br\/site\/wp-content\/uploads\/2024\/04\/150-tiras-100x100.jpg 100w, https:\/\/www.tocare.com.br\/site\/wp-content\/uploads\/2024\/04\/150-tiras-150x150.jpg 150w\" sizes=\"(max-width: 500px) 100vw, 500px\" \/><\/figure>\n\n\n\n<p class=\"has-text-align-center\"><strong>Combo 150 Tiras<\/strong><\/p>\n\n\n\n<ul style=\"padding-right:var(--wp--preset--spacing--30);padding-left:var(--wp--preset--spacing--30)\" class=\"is-style-default product-list has-contrast-color has-base-background-color has-text-color has-background has-link-color has-small-font-size wp-block-list wp-elements-7214674417bad5bca0019983291249f2\">\n<li>03 Caixas de tiras (50)<\/li>\n<\/ul>\n<\/div>\n\n\n\n<div class=\"wp-block-column is-layout-flow wp-block-column-is-layout-flow\" style=\"border-width:1px;padding-top:var(--wp--preset--spacing--10)\">\n<figure class=\"wp-block-image aligncenter size-full is-resized\"><img loading=\"lazy\" decoding=\"async\" width=\"500\" height=\"500\" src=\"https:\/\/www.tocare.com.br\/site\/wp-content\/uploads\/2024\/04\/cx-lancetas.jpg\" alt=\"\" class=\"wp-image-196\" style=\"aspect-ratio:1;object-fit:cover;width:auto;height:200px\" srcset=\"https:\/\/www.tocare.com.br\/site\/wp-content\/uploads\/2024\/04\/cx-lancetas.jpg 500w, https:\/\/www.tocare.com.br\/site\/wp-content\/uploads\/2024\/04\/cx-lancetas-300x300.jpg 300w, https:\/\/www.tocare.com.br\/site\/wp-content\/uploads\/2024\/04\/cx-lancetas-100x100.jpg 100w, https:\/\/www.tocare.com.br\/site\/wp-content\/uploads\/2024\/04\/cx-lancetas-150x150.jpg 150w\" sizes=\"(max-width: 500px) 100vw, 500px\" \/><\/figure>\n\n\n\n<p class=\"has-text-align-center\"><strong>Lancetas Est\u00e9reis<\/strong><\/p>\n\n\n\n<ul style=\"padding-right:var(--wp--preset--spacing--30);padding-left:var(--wp--preset--spacing--30)\" class=\"is-style-default product-list has-contrast-color has-base-background-color has-text-color has-background has-link-color has-small-font-size wp-block-list wp-elements-0f7c282fb6d7353a4e9c093b68ca5a3b\">\n<li>100 Lancetas Glicoo<\/li>\n\n\n\n<li>Manual de Instru\u00e7\u00f5es<\/li>\n<\/ul>\n<\/div>\n\n\n\n<div class=\"wp-block-column is-layout-flow wp-block-column-is-layout-flow\"><\/div>\n<\/div>\n<\/div>\n","protected":false},"excerpt":{"rendered":"<p>Linha de Monitoramento de Glicemia Glicoo Easyfy Produto Nacional Tecnologia Microgota Menor amostra de sanguedo mercado (0,3 mcl) Simples de usar (Sem codifica\u00e7\u00e3o) Praticamente indolor Resultado em apenas 5 segundos Ejetor de Tiras Mem\u00f3ria para 500 testes Bluetooth (opcional) E mais: &#8211; M\u00e9dia dos testes dos \u00faltimos de 7, 14 e 30 dias;&#8211; Alarme de [&hellip;]<\/p>\n","protected":false},"author":1,"featured_media":0,"parent":458,"menu_order":1,"comment_status":"closed","ping_status":"closed","template":"","meta":{"footnotes":""},"class_list":["post-469","page","type-page","status-publish","hentry"],"_links":{"self":[{"href":"https:\/\/www.tocare.com.br\/site\/wp-json\/wp\/v2\/pages\/469","targetHints":{"allow":["GET"]}}],"collection":[{"href":"https:\/\/www.tocare.com.br\/site\/wp-json\/wp\/v2\/pages"}],"about":[{"href":"https:\/\/www.tocare.com.br\/site\/wp-json\/wp\/v2\/types\/page"}],"author":[{"embeddable":true,"href":"https:\/\/www.tocare.com.br\/site\/wp-json\/wp\/v2\/users\/1"}],"replies":[{"embeddable":true,"href":"https:\/\/www.tocare.com.br\/site\/wp-json\/wp\/v2\/comments?post=469"}],"version-history":[{"count":10,"href":"https:\/\/www.tocare.com.br\/site\/wp-json\/wp\/v2\/pages\/469\/revisions"}],"predecessor-version":[{"id":525,"href":"https:\/\/www.tocare.com.br\/site\/wp-json\/wp\/v2\/pages\/469\/revisions\/525"}],"up":[{"embeddable":true,"href":"https:\/\/www.tocare.com.br\/site\/wp-json\/wp\/v2\/pages\/458"}],"wp:attachment":[{"href":"https:\/\/www.tocare.com.br\/site\/wp-json\/wp\/v2\/media?parent=469"}],"curies":[{"name":"wp","href":"https:\/\/api.w.org\/{rel}","templated":true}]}}