{"id":43,"date":"2024-03-28T22:45:31","date_gmt":"2024-03-29T01:45:31","guid":{"rendered":"http:\/\/br396.teste.website\/~tocare24\/site\/?page_id=43"},"modified":"2024-07-28T11:04:06","modified_gmt":"2024-07-28T14:04:06","slug":"glicoo-neo","status":"publish","type":"page","link":"https:\/\/www.tocare.com.br\/site\/produtos\/glicoo-neo\/","title":{"rendered":"Glicoo Neo"},"content":{"rendered":"\n<div class=\"wp-block-group alignfull has-contrast-background-color has-background has-global-padding is-layout-constrained wp-container-core-group-is-layout-1b225bdb wp-block-group-is-layout-constrained\" style=\"margin-top:0;margin-bottom:0;padding-top:0;padding-right:var(--wp--preset--spacing--30);padding-bottom:0;padding-left:var(--wp--preset--spacing--30)\">\n<div class=\"wp-block-columns alignwide is-layout-flex wp-container-core-columns-is-layout-d9884270 wp-block-columns-is-layout-flex\" style=\"padding-top:0;padding-bottom:0\">\n<div class=\"wp-block-column is-vertically-aligned-stretch has-global-padding is-layout-constrained wp-container-core-column-is-layout-2b2c1e09 wp-block-column-is-layout-constrained\" style=\"padding-top:var(--wp--preset--spacing--30);padding-right:0;padding-bottom:0;padding-left:0;flex-basis:33.34%\">\n<figure class=\"wp-block-image size-full is-resized\"><img fetchpriority=\"high\" decoding=\"async\" width=\"350\" height=\"204\" src=\"https:\/\/www.tocare.com.br\/site\/wp-content\/uploads\/2024\/04\/glicoo-neo-logo.png\" alt=\"\" class=\"wp-image-129\" style=\"width:192px;height:auto\" srcset=\"https:\/\/www.tocare.com.br\/site\/wp-content\/uploads\/2024\/04\/glicoo-neo-logo.png 350w, https:\/\/www.tocare.com.br\/site\/wp-content\/uploads\/2024\/04\/glicoo-neo-logo-300x175.png 300w\" sizes=\"(max-width: 350px) 100vw, 350px\" \/><\/figure>\n\n\n\n<h2 class=\"wp-block-heading has-custom-cor-1-color has-text-color has-link-color has-x-large-font-size wp-elements-dde07d11c58f047d0301f35ca95e9dab\">Linha de Monitoramento de Glicemia Glicoo Neo<\/h2>\n\n\n\n<div class=\"wp-block-group is-nowrap is-layout-flex wp-container-core-group-is-layout-6c531013 wp-block-group-is-layout-flex\">\n<figure class=\"wp-block-image size-full is-resized\"><img decoding=\"async\" width=\"242\" height=\"170\" src=\"https:\/\/www.tocare.com.br\/site\/wp-content\/uploads\/2024\/04\/ico-brasil.jpg\" alt=\"\" class=\"wp-image-397\" style=\"width:50px\"\/><\/figure>\n\n\n\n<p class=\"has-custom-cor-1-color has-text-color has-link-color has-small-font-size wp-elements-c300f713198a73c49e1ed81869cc6b32\">Produto Nacional<\/p>\n<\/div>\n<\/div>\n\n\n\n<div class=\"wp-block-column has-global-padding is-layout-constrained wp-block-column-is-layout-constrained\" style=\"flex-basis:33.34%\">\n<figure class=\"wp-block-image size-full is-style-rounded is-style-rounded--1\"><img decoding=\"async\" width=\"488\" height=\"627\" src=\"https:\/\/www.tocare.com.br\/site\/wp-content\/uploads\/2024\/04\/glicosimetro-glicoo-neo-tiras.png\" alt=\"\" class=\"wp-image-127\" style=\"aspect-ratio:3\/4;object-fit:cover\" srcset=\"https:\/\/www.tocare.com.br\/site\/wp-content\/uploads\/2024\/04\/glicosimetro-glicoo-neo-tiras.png 488w, https:\/\/www.tocare.com.br\/site\/wp-content\/uploads\/2024\/04\/glicosimetro-glicoo-neo-tiras-233x300.png 233w\" sizes=\"(max-width: 488px) 100vw, 488px\" \/><\/figure>\n<\/div>\n\n\n\n<div class=\"wp-block-column is-layout-flow wp-block-column-is-layout-flow\" style=\"flex-basis:33.33%\">\n<div class=\"wp-block-group is-vertical is-content-justification-center is-layout-flex wp-container-core-group-is-layout-81423f52 wp-block-group-is-layout-flex\">\n<figure class=\"wp-block-image size-full is-resized\"><img loading=\"lazy\" decoding=\"async\" width=\"180\" height=\"191\" src=\"https:\/\/www.tocare.com.br\/site\/wp-content\/uploads\/2024\/04\/microgota.png\" alt=\"\" class=\"wp-image-128\" style=\"width:76px;height:auto\"\/><\/figure>\n\n\n\n<h2 class=\"wp-block-heading has-text-align-center has-custom-cor-1-color has-text-color has-link-color has-large-font-size wp-elements-299620a041228dbe429cbea39d7f59e1\" style=\"margin-top:0;margin-bottom:0;padding-top:0;padding-bottom:0\">Tecnologia Microgota<\/h2>\n\n\n\n<p class=\"has-text-align-center has-custom-cor-1-color has-text-color has-link-color wp-elements-c361f73e2a2c029c5022326e4fcc6666\" style=\"padding-top:0;padding-bottom:0\">Menor amostra de sangue<br>do mercado (0,5 mcl)<\/p>\n<\/div>\n\n\n\n<div class=\"wp-block-group is-vertical is-content-justification-left is-layout-flex wp-container-core-group-is-layout-ada374a7 wp-block-group-is-layout-flex\" style=\"min-height:0%;padding-top:0;padding-bottom:0\">\n<div class=\"wp-block-group has-global-padding is-content-justification-left is-layout-constrained wp-container-core-group-is-layout-a086f108 wp-block-group-is-layout-constrained\" style=\"min-height:0px;margin-top:0;margin-bottom:0;padding-left:var(--wp--preset--spacing--20)\">\n<div class=\"wp-block-group is-nowrap is-layout-flex wp-container-core-group-is-layout-947e61e1 wp-block-group-is-layout-flex\" style=\"padding-top:0;padding-bottom:0\">\n\n\n<p class=\"has-custom-cor-1-color has-text-color has-link-color has-small-font-size wp-elements-9392f5ad763868da80d39cdbfdca5284\">Simples de usar (Sem codifica\u00e7\u00e3o)<\/p>\n<\/div>\n\n\n\n<div class=\"wp-block-group is-nowrap is-layout-flex wp-container-core-group-is-layout-6c531013 wp-block-group-is-layout-flex\">\n\n\n<p class=\"has-custom-cor-1-color has-text-color has-link-color has-small-font-size wp-elements-f8447b9df9f447f81ee5a6b1b0ed53e3 wp-container-content-0733e5d0\">Praticamente indolor<\/p>\n<\/div>\n\n\n\n<div class=\"wp-block-group is-nowrap is-layout-flex wp-container-core-group-is-layout-6c531013 wp-block-group-is-layout-flex\">\n\n\n<p class=\"has-custom-cor-1-color has-text-color has-link-color has-small-font-size wp-elements-054b0eae7e8d498bcaf527b9bc77b01c\">Resultado em apenas 5 segundos<\/p>\n<\/div>\n\n\n\n<div class=\"wp-block-group is-nowrap is-layout-flex wp-container-core-group-is-layout-6c531013 wp-block-group-is-layout-flex\">\n\n\n<p class=\"has-custom-cor-1-color has-text-color has-link-color has-small-font-size wp-elements-4485af1f1a07a56f72316a3e539a7976 wp-container-content-0733e5d0\">Ejetor de Tiras<\/p>\n<\/div>\n\n\n\n<div class=\"wp-block-group is-nowrap is-layout-flex wp-container-core-group-is-layout-6c531013 wp-block-group-is-layout-flex\">\n\n\n<p class=\"has-custom-cor-1-color has-text-color has-link-color has-small-font-size wp-elements-32c33a59044ea7cf2977fdd49281ac87\">Mem\u00f3ria para 1.000 testes<\/p>\n<\/div>\n\n\n\n<div class=\"wp-block-group is-nowrap is-layout-flex wp-container-core-group-is-layout-6c531013 wp-block-group-is-layout-flex\">\n\n\n<p class=\"has-custom-cor-1-color has-text-color has-link-color has-small-font-size wp-elements-9fc3854c422f0a630a2535b20d96c7b8 wp-container-content-0733e5d0\">Bluetooth (opcional)<\/p>\n<\/div>\n\n\n\n<div class=\"wp-block-group is-nowrap is-layout-flex wp-container-core-group-is-layout-6c531013 wp-block-group-is-layout-flex\">\n<p class=\"has-custom-cor-1-color has-text-color has-link-color has-small-font-size wp-elements-938c2f28d248477c62584ea6f4b59195\" style=\"padding-top:var(--wp--preset--spacing--10);padding-bottom:var(--wp--preset--spacing--10)\">E mais: <br>&#8211; M\u00e9dia dos testes dos \u00faltimos de 7, 14, 30, 60 e 90 dias;<br>&#8211; Lembrete de teste pr\u00e9 e p\u00f3s-prandial;<br>&#8211; Tecnologia GDH-FAD &#8211; Glicose Desidrogenase.<\/p>\n<\/div>\n\n\n\n<p><\/p>\n<\/div>\n<\/div>\n<\/div>\n<\/div>\n<\/div>\n\n\n\n<div class=\"wp-block-group alignfull has-base-2-background-color has-background has-global-padding is-layout-constrained wp-block-group-is-layout-constrained\" style=\"margin-top:0;margin-bottom:0;padding-top:var(--wp--preset--spacing--40);padding-bottom:var(--wp--preset--spacing--40)\">\n<h2 class=\"wp-block-heading has-text-align-center\">Manuais de instru\u00e7\u00f5es<\/h2>\n\n\n\n<p class=\"has-text-align-center\">Fa\u00e7a o download dos manuais de instru\u00e7\u00f5es em PDF:<\/p>\n\n\n\n<div class=\"wp-block-group alignwide is-content-justification-center is-nowrap is-layout-flex wp-container-core-group-is-layout-19a3e464 wp-block-group-is-layout-flex\">\n<div class=\"wp-block-buttons is-horizontal is-content-justification-center is-layout-flex wp-container-core-buttons-is-layout-6bd4d9d1 wp-block-buttons-is-layout-flex\">\n<div class=\"wp-block-button has-custom-font-size has-medium-font-size\"><a class=\"wp-block-button__link wp-element-button\" href=\"https:\/\/www.tocare.com.br\/site\/wp-content\/uploads\/2024\/04\/Manual-Kit-Glicoo-Neo.pdf\">Monitor de Glicemia<\/a><\/div>\n\n\n\n<div class=\"wp-block-button has-custom-font-size has-medium-font-size\"><a class=\"wp-block-button__link wp-element-button\" href=\"https:\/\/www.tocare.com.br\/site\/wp-content\/uploads\/2024\/04\/Manual-Tiras-Glicoo-Neo.pdf\">Tiras Reagentes<\/a><\/div>\n<\/div>\n<\/div>\n\n\n\n<h2 class=\"wp-block-heading has-text-align-center\" style=\"margin-top:var(--wp--preset--spacing--50)\">Assista aos v\u00eddeos<\/h2>\n\n\n\n<div class=\"wp-block-group alignfull uag-hide-mob is-content-justification-center is-nowrap is-layout-flex wp-container-core-group-is-layout-ba61e9b7 wp-block-group-is-layout-flex\" style=\"padding-right:var(--wp--preset--spacing--40);padding-left:var(--wp--preset--spacing--40)\">\n<figure class=\"wp-block-embed is-type-video is-provider-youtube wp-block-embed-youtube wp-embed-aspect-16-9 wp-has-aspect-ratio wp-container-content-9dbf05af\" style=\"margin-top:0;margin-right:0;margin-bottom:0;margin-left:0\"><div class=\"wp-block-embed__wrapper\">\n<iframe title=\"Como realizar as configura\u00e7\u00f5es no aparelho Glicoo Neo\" width=\"500\" height=\"281\" src=\"https:\/\/www.youtube.com\/embed\/WgJYJTUD1v0?feature=oembed\" frameborder=\"0\" allow=\"accelerometer; autoplay; clipboard-write; encrypted-media; gyroscope; picture-in-picture; web-share\" referrerpolicy=\"strict-origin-when-cross-origin\" allowfullscreen><\/iframe>\n<\/div><figcaption class=\"wp-element-caption\">Como realizar as configura\u00e7\u00f5es no aparelho Glicoo Neo<\/figcaption><\/figure>\n\n\n\n<figure class=\"wp-block-embed is-type-video is-provider-youtube wp-block-embed-youtube wp-embed-aspect-16-9 wp-has-aspect-ratio wp-container-content-9dbf05af\" style=\"margin-top:0;margin-right:0;margin-bottom:0;margin-left:0\"><div class=\"wp-block-embed__wrapper\">\n<iframe title=\"Como realizar o teste de glicemia com os aparelhos Glicoo Neo\" width=\"500\" height=\"281\" src=\"https:\/\/www.youtube.com\/embed\/ZqTvYM8cy1k?feature=oembed\" frameborder=\"0\" allow=\"accelerometer; autoplay; clipboard-write; encrypted-media; gyroscope; picture-in-picture; web-share\" referrerpolicy=\"strict-origin-when-cross-origin\" allowfullscreen><\/iframe>\n<\/div><figcaption class=\"wp-element-caption\">Como realizar o teste de glicemia com os aparelhos Glicoo Neo<\/figcaption><\/figure>\n<\/div>\n\n\n\n<div class=\"wp-block-group alignfull uag-hide-desktop uag-hide-tab is-vertical is-content-justification-center is-layout-flex wp-container-core-group-is-layout-117c1373 wp-block-group-is-layout-flex\" style=\"padding-right:var(--wp--preset--spacing--40);padding-left:var(--wp--preset--spacing--40)\">\n<div class=\"wp-block-group has-global-padding is-layout-constrained wp-block-group-is-layout-constrained\">\n<figure class=\"wp-block-embed is-type-video is-provider-youtube wp-block-embed-youtube wp-embed-aspect-16-9 wp-has-aspect-ratio\" style=\"margin-top:0;margin-right:0;margin-bottom:0;margin-left:0\"><div class=\"wp-block-embed__wrapper\">\n<iframe title=\"Como realizar as configura\u00e7\u00f5es no aparelho Glicoo Neo\" width=\"500\" height=\"281\" src=\"https:\/\/www.youtube.com\/embed\/WgJYJTUD1v0?feature=oembed\" frameborder=\"0\" allow=\"accelerometer; autoplay; clipboard-write; encrypted-media; gyroscope; picture-in-picture; web-share\" referrerpolicy=\"strict-origin-when-cross-origin\" allowfullscreen><\/iframe>\n<\/div><\/figure>\n\n\n\n<p style=\"margin-bottom:var(--wp--preset--spacing--10)\">Como realizar as configura\u00e7\u00f5es no aparelho Glicoo Neo<\/p>\n<\/div>\n\n\n\n<div class=\"wp-block-group has-global-padding is-layout-constrained wp-block-group-is-layout-constrained\">\n<figure class=\"wp-block-embed is-type-video is-provider-youtube wp-block-embed-youtube wp-embed-aspect-16-9 wp-has-aspect-ratio\" style=\"margin-top:0;margin-right:0;margin-bottom:0;margin-left:0\"><div class=\"wp-block-embed__wrapper\">\n<iframe title=\"Como realizar o teste de glicemia com os aparelhos Glicoo Neo\" width=\"500\" height=\"281\" src=\"https:\/\/www.youtube.com\/embed\/ZqTvYM8cy1k?feature=oembed\" frameborder=\"0\" allow=\"accelerometer; autoplay; clipboard-write; encrypted-media; gyroscope; picture-in-picture; web-share\" referrerpolicy=\"strict-origin-when-cross-origin\" allowfullscreen><\/iframe>\n<\/div><\/figure>\n\n\n\n<p>Como realizar o teste de glicemia com os aparelhos Glicoo Neo<\/p>\n<\/div>\n<\/div>\n<\/div>\n\n\n\n<div class=\"wp-block-group alignfull has-base-color has-contrast-background-color has-text-color has-background has-link-color wp-elements-e50ed99bbc28c457aab20e6f984e4ef4 has-global-padding is-layout-constrained wp-container-core-group-is-layout-7baca9a2 wp-block-group-is-layout-constrained\" style=\"margin-top:0;margin-bottom:0;padding-top:var(--wp--preset--spacing--30);padding-right:var(--wp--preset--spacing--40);padding-bottom:var(--wp--preset--spacing--30);padding-left:var(--wp--preset--spacing--40)\">\n<h2 class=\"wp-block-heading alignwide has-text-align-center has-base-color has-text-color has-link-color has-xx-large-font-size wp-elements-463c43b4eef5f738497037576691ff8a\" style=\"letter-spacing:-0.02em\">Produtos<\/h2>\n\n\n\n<div class=\"wp-block-columns alignfull is-layout-flex wp-container-core-columns-is-layout-0111f410 wp-block-columns-is-layout-flex\" style=\"padding-right:var(--wp--preset--spacing--50);padding-left:var(--wp--preset--spacing--50)\">\n<div class=\"wp-block-column is-layout-flow wp-block-column-is-layout-flow\" style=\"border-width:1px;padding-top:var(--wp--preset--spacing--10)\">\n<figure class=\"wp-block-image aligncenter size-full is-resized\"><img loading=\"lazy\" decoding=\"async\" width=\"500\" height=\"500\" src=\"https:\/\/www.tocare.com.br\/site\/wp-content\/uploads\/2024\/04\/cx-kit-monitor.jpg\" alt=\"\" class=\"wp-image-195\" style=\"aspect-ratio:1;object-fit:cover;width:auto;height:200px\" srcset=\"https:\/\/www.tocare.com.br\/site\/wp-content\/uploads\/2024\/04\/cx-kit-monitor.jpg 500w, https:\/\/www.tocare.com.br\/site\/wp-content\/uploads\/2024\/04\/cx-kit-monitor-300x300.jpg 300w, https:\/\/www.tocare.com.br\/site\/wp-content\/uploads\/2024\/04\/cx-kit-monitor-100x100.jpg 100w, https:\/\/www.tocare.com.br\/site\/wp-content\/uploads\/2024\/04\/cx-kit-monitor-150x150.jpg 150w\" sizes=\"(max-width: 500px) 100vw, 500px\" \/><\/figure>\n\n\n\n<p class=\"has-text-align-center\"><strong>Kit Monitor de Glicemia Completo<\/strong><\/p>\n\n\n\n<ul style=\"padding-right:var(--wp--preset--spacing--30);padding-left:var(--wp--preset--spacing--30)\" class=\"wp-block-list is-style-default product-list has-contrast-color has-base-background-color has-text-color has-background has-link-color has-small-font-size wp-elements-3cd9e83ccade2672d81ba796693a224f\">\n<li>01 Monitor de Glicemia<\/li>\n\n\n\n<li>01 Lancetador<\/li>\n\n\n\n<li>10 Tiras Reagentes<\/li>\n\n\n\n<li>10 Lancetas<\/li>\n\n\n\n<li>Bolsa viagem<\/li>\n\n\n\n<li>Bateria (32V)<\/li>\n\n\n\n<li>Manual de Instru\u00e7\u00f5es<\/li>\n<\/ul>\n<\/div>\n\n\n\n<div class=\"wp-block-column is-layout-flow wp-block-column-is-layout-flow\" style=\"border-width:1px;padding-top:var(--wp--preset--spacing--10)\">\n<figure class=\"wp-block-image aligncenter size-full is-resized\"><img loading=\"lazy\" decoding=\"async\" width=\"500\" height=\"500\" src=\"https:\/\/www.tocare.com.br\/site\/wp-content\/uploads\/2024\/04\/cx-tiras.jpg\" alt=\"\" class=\"wp-image-197\" style=\"aspect-ratio:1;object-fit:cover;width:auto;height:200px\" srcset=\"https:\/\/www.tocare.com.br\/site\/wp-content\/uploads\/2024\/04\/cx-tiras.jpg 500w, https:\/\/www.tocare.com.br\/site\/wp-content\/uploads\/2024\/04\/cx-tiras-300x300.jpg 300w, https:\/\/www.tocare.com.br\/site\/wp-content\/uploads\/2024\/04\/cx-tiras-100x100.jpg 100w, https:\/\/www.tocare.com.br\/site\/wp-content\/uploads\/2024\/04\/cx-tiras-150x150.jpg 150w\" sizes=\"(max-width: 500px) 100vw, 500px\" \/><\/figure>\n\n\n\n<p class=\"has-text-align-center\"><strong>Tiras <\/strong><strong>Reagentes<\/strong><\/p>\n\n\n\n<ul style=\"padding-right:var(--wp--preset--spacing--30);padding-left:var(--wp--preset--spacing--30)\" class=\"wp-block-list is-style-default product-list has-contrast-color has-base-background-color has-text-color has-background has-link-color has-small-font-size wp-elements-c744b4ab6e46b53839143772dc892426\">\n<li>Caixas com 10, 25 e 50 tiras<\/li>\n\n\n\n<li>Manual de Instru\u00e7\u00f5es<\/li>\n<\/ul>\n<\/div>\n\n\n\n<div class=\"wp-block-column is-layout-flow wp-block-column-is-layout-flow\" style=\"border-width:1px;padding-top:var(--wp--preset--spacing--10)\">\n<figure class=\"wp-block-image aligncenter size-full is-resized\"><img loading=\"lazy\" decoding=\"async\" width=\"500\" height=\"500\" src=\"https:\/\/www.tocare.com.br\/site\/wp-content\/uploads\/2024\/04\/cx-kit-compelto.jpg\" alt=\"\" class=\"wp-image-199\" style=\"aspect-ratio:1;object-fit:cover;width:auto;height:200px\" srcset=\"https:\/\/www.tocare.com.br\/site\/wp-content\/uploads\/2024\/04\/cx-kit-compelto.jpg 500w, https:\/\/www.tocare.com.br\/site\/wp-content\/uploads\/2024\/04\/cx-kit-compelto-300x300.jpg 300w, https:\/\/www.tocare.com.br\/site\/wp-content\/uploads\/2024\/04\/cx-kit-compelto-100x100.jpg 100w, https:\/\/www.tocare.com.br\/site\/wp-content\/uploads\/2024\/04\/cx-kit-compelto-150x150.jpg 150w\" sizes=\"(max-width: 500px) 100vw, 500px\" \/><\/figure>\n\n\n\n<p class=\"has-text-align-center\"><strong>Combo 100 Tiras + Kit Completo<\/strong><\/p>\n\n\n\n<ul style=\"padding-right:var(--wp--preset--spacing--30);padding-left:var(--wp--preset--spacing--30)\" class=\"wp-block-list is-style-default product-list has-contrast-color has-base-background-color has-text-color has-background has-link-color has-small-font-size wp-elements-6b99c2ae277f94ef511ecb337596f70d\">\n<li>02 Caixas de tiras (50)<\/li>\n\n\n\n<li>01 Kit completo<\/li>\n<\/ul>\n<\/div>\n<\/div>\n\n\n\n<div class=\"wp-block-columns alignfull is-layout-flex wp-container-core-columns-is-layout-0111f410 wp-block-columns-is-layout-flex\" style=\"padding-right:var(--wp--preset--spacing--50);padding-left:var(--wp--preset--spacing--50)\">\n<div class=\"wp-block-column is-layout-flow wp-block-column-is-layout-flow\" style=\"border-width:1px;padding-top:var(--wp--preset--spacing--10)\">\n<figure class=\"wp-block-image aligncenter size-full is-resized\"><img loading=\"lazy\" decoding=\"async\" width=\"500\" height=\"500\" src=\"https:\/\/www.tocare.com.br\/site\/wp-content\/uploads\/2024\/04\/cx-150-tiras.jpg\" alt=\"\" class=\"wp-image-198\" style=\"aspect-ratio:1;object-fit:cover;width:auto;height:200px\" srcset=\"https:\/\/www.tocare.com.br\/site\/wp-content\/uploads\/2024\/04\/cx-150-tiras.jpg 500w, https:\/\/www.tocare.com.br\/site\/wp-content\/uploads\/2024\/04\/cx-150-tiras-300x300.jpg 300w, https:\/\/www.tocare.com.br\/site\/wp-content\/uploads\/2024\/04\/cx-150-tiras-100x100.jpg 100w, https:\/\/www.tocare.com.br\/site\/wp-content\/uploads\/2024\/04\/cx-150-tiras-150x150.jpg 150w\" sizes=\"(max-width: 500px) 100vw, 500px\" \/><\/figure>\n\n\n\n<p class=\"has-text-align-center\"><strong>Combo 150 Tiras<\/strong><\/p>\n\n\n\n<ul style=\"padding-right:var(--wp--preset--spacing--30);padding-left:var(--wp--preset--spacing--30)\" class=\"wp-block-list is-style-default product-list has-contrast-color has-base-background-color has-text-color has-background has-link-color has-small-font-size wp-elements-5134af6b6c963ea215ee40f0f4db7bf6\">\n<li>03 Caixas de tiras (50)<\/li>\n<\/ul>\n<\/div>\n\n\n\n<div class=\"wp-block-column is-layout-flow wp-block-column-is-layout-flow\" style=\"border-width:1px;padding-top:var(--wp--preset--spacing--10)\">\n<figure class=\"wp-block-image aligncenter size-full is-resized\"><img loading=\"lazy\" decoding=\"async\" width=\"500\" height=\"500\" src=\"https:\/\/www.tocare.com.br\/site\/wp-content\/uploads\/2024\/04\/cx-lancetas.jpg\" alt=\"\" class=\"wp-image-196\" style=\"aspect-ratio:1;object-fit:cover;width:auto;height:200px\" srcset=\"https:\/\/www.tocare.com.br\/site\/wp-content\/uploads\/2024\/04\/cx-lancetas.jpg 500w, https:\/\/www.tocare.com.br\/site\/wp-content\/uploads\/2024\/04\/cx-lancetas-300x300.jpg 300w, https:\/\/www.tocare.com.br\/site\/wp-content\/uploads\/2024\/04\/cx-lancetas-100x100.jpg 100w, https:\/\/www.tocare.com.br\/site\/wp-content\/uploads\/2024\/04\/cx-lancetas-150x150.jpg 150w\" sizes=\"(max-width: 500px) 100vw, 500px\" \/><\/figure>\n\n\n\n<p class=\"has-text-align-center\"><strong>Lancetas Est\u00e9reis<\/strong><\/p>\n\n\n\n<ul style=\"padding-right:var(--wp--preset--spacing--30);padding-left:var(--wp--preset--spacing--30)\" class=\"wp-block-list is-style-default product-list has-contrast-color has-base-background-color has-text-color has-background has-link-color has-small-font-size wp-elements-5ee6e74d7cfb598264f3228a02fa7595\">\n<li>100 Lancetas Glicoo<\/li>\n\n\n\n<li>Manual de Instru\u00e7\u00f5es<\/li>\n<\/ul>\n<\/div>\n\n\n\n<div class=\"wp-block-column is-layout-flow wp-block-column-is-layout-flow\"><\/div>\n<\/div>\n<\/div>\n","protected":false},"excerpt":{"rendered":"<p>Linha de Monitoramento de Glicemia Glicoo Neo Produto Nacional Tecnologia Microgota Menor amostra de sanguedo mercado (0,5 mcl) Simples de usar (Sem codifica\u00e7\u00e3o) Praticamente indolor Resultado em apenas 5 segundos Ejetor de Tiras Mem\u00f3ria para 1.000 testes Bluetooth (opcional) E mais: &#8211; M\u00e9dia dos testes dos \u00faltimos de 7, 14, 30, 60 e 90 dias;&#8211; [&hellip;]<\/p>\n","protected":false},"author":1,"featured_media":0,"parent":458,"menu_order":1,"comment_status":"closed","ping_status":"closed","template":"","meta":{"footnotes":""},"class_list":["post-43","page","type-page","status-publish","hentry"],"_links":{"self":[{"href":"https:\/\/www.tocare.com.br\/site\/wp-json\/wp\/v2\/pages\/43","targetHints":{"allow":["GET"]}}],"collection":[{"href":"https:\/\/www.tocare.com.br\/site\/wp-json\/wp\/v2\/pages"}],"about":[{"href":"https:\/\/www.tocare.com.br\/site\/wp-json\/wp\/v2\/types\/page"}],"author":[{"embeddable":true,"href":"https:\/\/www.tocare.com.br\/site\/wp-json\/wp\/v2\/users\/1"}],"replies":[{"embeddable":true,"href":"https:\/\/www.tocare.com.br\/site\/wp-json\/wp\/v2\/comments?post=43"}],"version-history":[{"count":123,"href":"https:\/\/www.tocare.com.br\/site\/wp-json\/wp\/v2\/pages\/43\/revisions"}],"predecessor-version":[{"id":705,"href":"https:\/\/www.tocare.com.br\/site\/wp-json\/wp\/v2\/pages\/43\/revisions\/705"}],"up":[{"embeddable":true,"href":"https:\/\/www.tocare.com.br\/site\/wp-json\/wp\/v2\/pages\/458"}],"wp:attachment":[{"href":"https:\/\/www.tocare.com.br\/site\/wp-json\/wp\/v2\/media?parent=43"}],"curies":[{"name":"wp","href":"https:\/\/api.w.org\/{rel}","templated":true}]}}